{"id":412,"date":"2018-10-24T15:22:20","date_gmt":"2018-10-24T13:22:20","guid":{"rendered":"https:\/\/www.inertam.com\/?page_id=412"},"modified":"2024-02-20T10:08:50","modified_gmt":"2024-02-20T09:08:50","slug":"nos-valeurs-ajoutees-it","status":"publish","type":"page","link":"https:\/\/www.inertam.com\/it\/nos-valeurs-ajoutees-it\/","title":{"rendered":"Valore aggiunto"},"content":{"rendered":"<p>[vc_row row_height_percent=&#8221;0&#8243; overlay_alpha=&#8221;50&#8243; equal_height=&#8221;yes&#8221; gutter_size=&#8221;3&#8243; column_width_percent=&#8221;100&#8243; shift_y=&#8221;0&#8243; z_index=&#8221;0&#8243; css=&#8221;.vc_custom_1511782542516{padding-top: 80px !important;padding-bottom: 85px !important;}&#8221; el_class=&#8221;history-timeline&#8221;][vc_column column_width_percent=&#8221;100&#8243; position_vertical=&#8221;middle&#8221; align_horizontal=&#8221;align_center&#8221; overlay_alpha=&#8221;50&#8243; gutter_size=&#8221;3&#8243; medium_width=&#8221;0&#8243; mobile_width=&#8221;0&#8243; shift_x=&#8221;0&#8243; shift_y=&#8221;0&#8243; shift_y_down=&#8221;0&#8243; z_index=&#8221;0&#8243; width=&#8221;1\/1&#8243;][vc_custom_heading text_size=&#8221;h1&#8243; text_weight=&#8221;300&#8243; text_transform=&#8221;uppercase&#8221; text_color=&#8221;color-iopl&#8221; sub_reduced=&#8221;yes&#8221; css_animation=&#8221;top-t-bottom&#8221; el_class=&#8221;margin-0 padding-0 margin-top-10&#8243;]I numerosi vantaggi<br \/>\n<strong>del trattamento dell&#8217;amianto per vetrificazione<\/strong>[\/vc_custom_heading][vc_separator sep_color=&#8221;color-dfgh&#8221; icon_position=&#8221;left&#8221; el_width=&#8221;60px&#8221; el_height=&#8221;2px&#8221;][vc_row_inner row_inner_height_percent=&#8221;0&#8243; overlay_alpha=&#8221;50&#8243; equal_height=&#8221;yes&#8221; gutter_size=&#8221;3&#8243; shift_y=&#8221;0&#8243; z_index=&#8221;0&#8243;][vc_column_inner column_width_percent=&#8221;100&#8243; gutter_size=&#8221;3&#8243; back_color=&#8221;color-xsdn&#8221; overlay_alpha=&#8221;50&#8243; medium_width=&#8221;0&#8243; mobile_width=&#8221;0&#8243; shift_x=&#8221;0&#8243; shift_y=&#8221;0&#8243; shift_y_down=&#8221;0&#8243; z_index=&#8221;0&#8243; css_animation=&#8221;left-t-right&#8221; shadow=&#8221;xs&#8221; width=&#8221;1\/2&#8243; el_class=&#8221;valeurs-blocks&#8221; css=&#8221;.vc_custom_1511794569026{padding-top: 47px !important;padding-right: 47px !important;padding-bottom: 47px !important;padding-left: 47px !important;}&#8221;][vc_custom_heading heading_semantic=&#8221;h3&#8243; text_size=&#8221;&#8221; text_font=&#8221;font-216267&#8243; text_weight=&#8221;700&#8243; text_transform=&#8221;uppercase&#8221; text_color=&#8221;color-iopl&#8221;]La vetrificazione \u00e8 un processo irreversibile , una soluzione responsabile per eliminare il rifiuto[\/vc_custom_heading][vc_column_text]La vetrificazione distrugge in maniera definitiva le fibre di amianto e permette la valorizzazione del prodotto di risulta totalmente innocuo e riutilizzabile. L\u2019amianto perde definitivamente le propriet\u00e0 tossiche. Dal punto di vista sanitario e ambientale la vetrificazione \u00e8 dunque la sola soluzione capace di offrire una elminazione totale e definitiva del rischio di tossicit\u00e0 dell\u2019amianto. [\/vc_column_text][\/vc_column_inner][vc_column_inner column_width_percent=&#8221;100&#8243; gutter_size=&#8221;3&#8243; back_color=&#8221;color-xsdn&#8221; overlay_alpha=&#8221;50&#8243; medium_width=&#8221;0&#8243; mobile_width=&#8221;0&#8243; shift_x=&#8221;0&#8243; shift_y=&#8221;0&#8243; shift_y_down=&#8221;0&#8243; z_index=&#8221;0&#8243; css_animation=&#8221;top-t-bottom&#8221; shadow=&#8221;xs&#8221; width=&#8221;1\/2&#8243; el_class=&#8221;valeurs-blocks&#8221; css=&#8221;.vc_custom_1511794605511{padding-top: 47px !important;padding-right: 47px !important;padding-bottom: 47px !important;padding-left: 47px !important;}&#8221;][vc_custom_heading heading_semantic=&#8221;h3&#8243; text_size=&#8221;&#8221; text_font=&#8221;font-216267&#8243; text_weight=&#8221;700&#8243; text_transform=&#8221;uppercase&#8221; text_color=&#8221;color-iopl&#8221;]Deresponsabilizzazione del proprietario del rifiuto [\/vc_custom_heading][vc_column_text]La vetrificazione \u00e8 la sola filiera di trattamento che garantisce al produttore del rifiuto l distruzione degli effetti nocivi dello stesso perci\u00f2 mettendo fine a qualsivoglia ricorso di responsabilit\u00e0 che resta attivo con il deposito in discarica.[\/vc_column_text][\/vc_column_inner][\/vc_row_inner][\/vc_column][\/vc_row][vc_row unlock_row_content=&#8221;yes&#8221; row_height_percent=&#8221;0&#8243; overlay_alpha=&#8221;50&#8243; equal_height=&#8221;yes&#8221; gutter_size=&#8221;0&#8243; column_width_percent=&#8221;100&#8243; shift_y=&#8221;0&#8243; z_index=&#8221;0&#8243;][vc_column column_width_percent=&#8221;100&#8243; position_vertical=&#8221;middle&#8221; back_color=&#8221;color-xsdn&#8221; overlay_alpha=&#8221;50&#8243; gutter_size=&#8221;3&#8243; medium_width=&#8221;0&#8243; mobile_width=&#8221;0&#8243; shift_x=&#8221;0&#8243; shift_y=&#8221;0&#8243; shift_y_down=&#8221;0&#8243; z_index=&#8221;0&#8243; css_animation=&#8221;left-t-right&#8221; animation_delay=&#8221;200&#8243; width=&#8221;1\/2&#8243; css=&#8221;.vc_custom_1511881463580{padding-top: 90px !important;padding-bottom: 95px !important;}&#8221; el_class=&#8221;valeur-block&#8221;][vc_row_inner row_inner_height_percent=&#8221;0&#8243; back_color=&#8221;color-xsdn&#8221; overlay_alpha=&#8221;50&#8243; gutter_size=&#8221;3&#8243; shift_y=&#8221;0&#8243; z_index=&#8221;0&#8243;][vc_column_inner column_width_percent=&#8221;100&#8243; gutter_size=&#8221;3&#8243; overlay_alpha=&#8221;50&#8243; medium_width=&#8221;0&#8243; mobile_visibility=&#8221;yes&#8221; mobile_width=&#8221;0&#8243; shift_x=&#8221;0&#8243; shift_y=&#8221;0&#8243; shift_y_down=&#8221;0&#8243; z_index=&#8221;0&#8243; width=&#8221;1\/12&#8243;][\/vc_column_inner][vc_column_inner width=&#8221;9\/12&#8243;]<div id=\"ultimate-heading-68569f5a8c5a5584\" class=\"uvc-heading ult-adjust-bottom-margin ultimate-heading-68569f5a8c5a5584 uvc-3432 \" data-hspacer=\"no_spacer\"  data-halign=\"left\" style=\"text-align:left\"><div class=\"uvc-heading-spacer no_spacer\" style=\"top\"><\/div><div class=\"uvc-main-heading ult-responsive\"  data-ultimate-target='.uvc-heading.ultimate-heading-68569f5a8c5a5584 h2'  data-responsive-json-new='{\"font-size\":\"desktop:30px;\",\"line-height\":\"desktop:36px;\"}' ><h2 style=\"font-family:&#039;Ubuntu&#039;;font-weight:700;color:#f5590a;margin-top:0px;margin-bottom:0px;\">SOLUZIONI GLOBALI PER L'INERTIZZAZIONE <\/h2><\/div><\/div>[vc_separator sep_color=&#8221;color-dfgh&#8221; icon_position=&#8221;left&#8221; el_width=&#8221;60px&#8221; el_height=&#8221;1px&#8221; el_class=&#8221;margin-20-0-0&#8211;20&#8243;]<div id=\"ultimate-heading-4269f5a8c5a560b\" class=\"uvc-heading ult-adjust-bottom-margin ultimate-heading-4269f5a8c5a560b uvc-5558 margin-0\" data-hspacer=\"no_spacer\"  data-halign=\"left\" style=\"text-align:left\"><div class=\"uvc-heading-spacer no_spacer\" style=\"top\"><\/div><div class=\"uvc-sub-heading ult-responsive\"  data-ultimate-target='.uvc-heading.ultimate-heading-4269f5a8c5a560b .uvc-sub-heading '  data-responsive-json-new='{\"font-size\":\"desktop:14px;\",\"line-height\":\"desktop:30px;\"}'  style=\"font-family:&#039;Ubuntu&#039;;font-weight:normal;color:#6e6868;margin-top:30px;margin-bottom:0px;\">Le soluzioni e i servizi che Inertam mette a disposzione dei propri clienti consentono di coprire l&#8217;intero processo, che accompagna e consegue le classiche opere di bonifica trasformando una banale rimozione in un procedimento di distruzione totale dell&#8217;amianto. Inertam pu\u00f2 assistere i propri clienti garantendo l&#8217;inertizzazione e la certificazione di totale eliminazione dell&#8217; amianto, unico stabilimento al mondo che consente di ottenere un documento di completa distruzione garantendo malleva definitiva da ogni responsabilit\u00e0 civile e penale che restano invece a carico del &#8220;produttore&#8221; del rifiuto , in caso di deposito in discarica.<br \/>\nNell&#8217;organizzazione dei trasporti , Inertam opera nel rispetto delle Normative Nazionali ed Intracomunitarie che classificano i rifiuti contenenti amianto come merci pericolose di Classe 9 Perci\u00f2 in base all&#8217;accordo europeo relativo al trasporto internazionale di merci pericolose su strada, Il loro trasporto richiede l&#8217;utilizzo di vettori specializzati che soddisfino caratterstiche di sicurezza e i requisiti di tracciabilit\u00e0 regolamentare.<br \/>\nInertam nell&#8217;ambito delle Sue attivit\u00e0 pu\u00f2 quindi garantire ai propri clienti una gestione globale del trasporto di tutti i rifiuti di amianto e garantisce:<\/p>\n<p><span class=\"list\">Preparazione tecnica e amministrativa del trasporto.<\/span><br \/>\n<span class=\"list\">Rapporti con le autorit\u00e0 competenti in materia di sicurezza e protezione fisica e \/ o ordine pubblico.<\/span><br \/>\n<span class=\"list\">La Organizzazione del trasporto tramite una rete di partner approvati INERTAM.<\/span><\/div><\/div>[\/vc_column_inner][vc_column_inner column_width_percent=&#8221;100&#8243; gutter_size=&#8221;3&#8243; overlay_alpha=&#8221;50&#8243; medium_width=&#8221;0&#8243; mobile_visibility=&#8221;yes&#8221; mobile_width=&#8221;0&#8243; shift_x=&#8221;0&#8243; shift_y=&#8221;0&#8243; shift_y_down=&#8221;0&#8243; z_index=&#8221;0&#8243; width=&#8221;1\/12&#8243;][\/vc_column_inner][\/vc_row_inner][\/vc_column][vc_column column_width_percent=&#8221;100&#8243; overlay_alpha=&#8221;50&#8243; gutter_size=&#8221;3&#8243; medium_width=&#8221;0&#8243; mobile_width=&#8221;0&#8243; shift_x=&#8221;0&#8243; shift_y=&#8221;0&#8243; shift_y_down=&#8221;0&#8243; z_index=&#8221;0&#8243; css_animation=&#8221;right-t-left&#8221; width=&#8221;1\/2&#8243;][vc_single_image media=&#8221;135&#8243; media_width_percent=&#8221;100&#8243; alignment=&#8221;center&#8221; el_class=&#8221;img-neg-zindex&#8221;][\/vc_column][\/vc_row]<\/p>\n","protected":false},"excerpt":{"rendered":"<p>[vc_row row_height_percent=&#8221;0&#8243; overlay_alpha=&#8221;50&#8243; equal_height=&#8221;yes&#8221; gutter_size=&#8221;3&#8243; column_width_percent=&#8221;100&#8243; shift_y=&#8221;0&#8243; z_index=&#8221;0&#8243; css=&#8221;.vc_custom_1511782542516{padding-top: 80px !important;padding-bottom: 85px !important;}&#8221; el_class=&#8221;history-timeline&#8221;][vc_column column_width_percent=&#8221;100&#8243; position_vertical=&#8221;middle&#8221; align_horizontal=&#8221;align_center&#8221; overlay_alpha=&#8221;50&#8243; gutter_size=&#8221;3&#8243; medium_width=&#8221;0&#8243; [&hellip;]<\/p>\n","protected":false},"author":2,"featured_media":1010,"parent":0,"menu_order":0,"comment_status":"closed","ping_status":"closed","template":"","meta":[],"acf":[],"yoast_head":"<!-- This site is optimized with the Yoast SEO plugin v19.6.1 - https:\/\/yoast.com\/wordpress\/plugins\/seo\/ -->\n<title>Valore aggiunto - Inertam<\/title>\n<meta name=\"robots\" content=\"index, follow, max-snippet:-1, max-image-preview:large, max-video-preview:-1\" \/>\n<link rel=\"canonical\" href=\"https:\/\/www.inertam.com\/it\/nos-valeurs-ajoutees-it\/\" \/>\n<meta property=\"og:locale\" content=\"it_IT\" \/>\n<meta property=\"og:type\" content=\"article\" \/>\n<meta property=\"og:title\" content=\"Valore aggiunto - Inertam\" \/>\n<meta property=\"og:description\" content=\"[vc_row row_height_percent=&#8221;0&#8243; overlay_alpha=&#8221;50&#8243; equal_height=&#8221;yes&#8221; gutter_size=&#8221;3&#8243; column_width_percent=&#8221;100&#8243; shift_y=&#8221;0&#8243; z_index=&#8221;0&#8243; css=&#8221;.vc_custom_1511782542516{padding-top: 80px !important;padding-bottom: 85px !important;}&#8221; el_class=&#8221;history-timeline&#8221;][vc_column column_width_percent=&#8221;100&#8243; position_vertical=&#8221;middle&#8221; align_horizontal=&#8221;align_center&#8221; overlay_alpha=&#8221;50&#8243; gutter_size=&#8221;3&#8243; medium_width=&#8221;0&#8243; [&hellip;]\" \/>\n<meta property=\"og:url\" content=\"https:\/\/www.inertam.com\/it\/nos-valeurs-ajoutees-it\/\" \/>\n<meta property=\"og:site_name\" content=\"Inertam\" \/>\n<meta property=\"article:modified_time\" content=\"2024-02-20T09:08:50+00:00\" \/>\n<meta property=\"og:image\" content=\"https:\/\/www.inertam.com\/wp-content\/uploads\/2017\/11\/inertam_valeurs_slider.jpg\" \/>\n\t<meta property=\"og:image:width\" content=\"1581\" \/>\n\t<meta property=\"og:image:height\" content=\"350\" \/>\n\t<meta property=\"og:image:type\" content=\"image\/jpeg\" \/>\n<meta name=\"twitter:card\" content=\"summary_large_image\" \/>\n<meta name=\"twitter:label1\" content=\"Tempo di lettura stimato\" \/>\n\t<meta name=\"twitter:data1\" content=\"3 minuti\" \/>\n<script type=\"application\/ld+json\" class=\"yoast-schema-graph\">{\"@context\":\"https:\/\/schema.org\",\"@graph\":[{\"@type\":\"WebPage\",\"@id\":\"https:\/\/www.inertam.com\/it\/nos-valeurs-ajoutees-it\/\",\"url\":\"https:\/\/www.inertam.com\/it\/nos-valeurs-ajoutees-it\/\",\"name\":\"Valore aggiunto - Inertam\",\"isPartOf\":{\"@id\":\"https:\/\/www.inertam.com\/#website\"},\"datePublished\":\"2018-10-24T13:22:20+00:00\",\"dateModified\":\"2024-02-20T09:08:50+00:00\",\"breadcrumb\":{\"@id\":\"https:\/\/www.inertam.com\/it\/nos-valeurs-ajoutees-it\/#breadcrumb\"},\"inLanguage\":\"it-IT\",\"potentialAction\":[{\"@type\":\"ReadAction\",\"target\":[\"https:\/\/www.inertam.com\/it\/nos-valeurs-ajoutees-it\/\"]}]},{\"@type\":\"BreadcrumbList\",\"@id\":\"https:\/\/www.inertam.com\/it\/nos-valeurs-ajoutees-it\/#breadcrumb\",\"itemListElement\":[{\"@type\":\"ListItem\",\"position\":1,\"name\":\"Accueil\",\"item\":\"https:\/\/www.inertam.com\/it\/\"},{\"@type\":\"ListItem\",\"position\":2,\"name\":\"Valore aggiunto\"}]},{\"@type\":\"WebSite\",\"@id\":\"https:\/\/www.inertam.com\/#website\",\"url\":\"https:\/\/www.inertam.com\/\",\"name\":\"Inertam\",\"description\":\"La solution de destruction d\u00e9finitive des d\u00e9chets d\u2019amiante\",\"potentialAction\":[{\"@type\":\"SearchAction\",\"target\":{\"@type\":\"EntryPoint\",\"urlTemplate\":\"https:\/\/www.inertam.com\/?s={search_term_string}\"},\"query-input\":\"required name=search_term_string\"}],\"inLanguage\":\"it-IT\"}]}<\/script>\n<!-- \/ Yoast SEO plugin. -->","yoast_head_json":{"title":"Valore aggiunto - Inertam","robots":{"index":"index","follow":"follow","max-snippet":"max-snippet:-1","max-image-preview":"max-image-preview:large","max-video-preview":"max-video-preview:-1"},"canonical":"https:\/\/www.inertam.com\/it\/nos-valeurs-ajoutees-it\/","og_locale":"it_IT","og_type":"article","og_title":"Valore aggiunto - Inertam","og_description":"[vc_row row_height_percent=&#8221;0&#8243; overlay_alpha=&#8221;50&#8243; equal_height=&#8221;yes&#8221; gutter_size=&#8221;3&#8243; column_width_percent=&#8221;100&#8243; shift_y=&#8221;0&#8243; z_index=&#8221;0&#8243; css=&#8221;.vc_custom_1511782542516{padding-top: 80px !important;padding-bottom: 85px !important;}&#8221; el_class=&#8221;history-timeline&#8221;][vc_column column_width_percent=&#8221;100&#8243; position_vertical=&#8221;middle&#8221; align_horizontal=&#8221;align_center&#8221; overlay_alpha=&#8221;50&#8243; gutter_size=&#8221;3&#8243; medium_width=&#8221;0&#8243; [&hellip;]","og_url":"https:\/\/www.inertam.com\/it\/nos-valeurs-ajoutees-it\/","og_site_name":"Inertam","article_modified_time":"2024-02-20T09:08:50+00:00","og_image":[{"width":1581,"height":350,"url":"https:\/\/www.inertam.com\/wp-content\/uploads\/2017\/11\/inertam_valeurs_slider.jpg","type":"image\/jpeg"}],"twitter_card":"summary_large_image","twitter_misc":{"Tempo di lettura stimato":"3 minuti"},"schema":{"@context":"https:\/\/schema.org","@graph":[{"@type":"WebPage","@id":"https:\/\/www.inertam.com\/it\/nos-valeurs-ajoutees-it\/","url":"https:\/\/www.inertam.com\/it\/nos-valeurs-ajoutees-it\/","name":"Valore aggiunto - Inertam","isPartOf":{"@id":"https:\/\/www.inertam.com\/#website"},"datePublished":"2018-10-24T13:22:20+00:00","dateModified":"2024-02-20T09:08:50+00:00","breadcrumb":{"@id":"https:\/\/www.inertam.com\/it\/nos-valeurs-ajoutees-it\/#breadcrumb"},"inLanguage":"it-IT","potentialAction":[{"@type":"ReadAction","target":["https:\/\/www.inertam.com\/it\/nos-valeurs-ajoutees-it\/"]}]},{"@type":"BreadcrumbList","@id":"https:\/\/www.inertam.com\/it\/nos-valeurs-ajoutees-it\/#breadcrumb","itemListElement":[{"@type":"ListItem","position":1,"name":"Accueil","item":"https:\/\/www.inertam.com\/it\/"},{"@type":"ListItem","position":2,"name":"Valore aggiunto"}]},{"@type":"WebSite","@id":"https:\/\/www.inertam.com\/#website","url":"https:\/\/www.inertam.com\/","name":"Inertam","description":"La solution de destruction d\u00e9finitive des d\u00e9chets d\u2019amiante","potentialAction":[{"@type":"SearchAction","target":{"@type":"EntryPoint","urlTemplate":"https:\/\/www.inertam.com\/?s={search_term_string}"},"query-input":"required name=search_term_string"}],"inLanguage":"it-IT"}]}},"_links":{"self":[{"href":"https:\/\/www.inertam.com\/it\/wp-json\/wp\/v2\/pages\/412"}],"collection":[{"href":"https:\/\/www.inertam.com\/it\/wp-json\/wp\/v2\/pages"}],"about":[{"href":"https:\/\/www.inertam.com\/it\/wp-json\/wp\/v2\/types\/page"}],"author":[{"embeddable":true,"href":"https:\/\/www.inertam.com\/it\/wp-json\/wp\/v2\/users\/2"}],"replies":[{"embeddable":true,"href":"https:\/\/www.inertam.com\/it\/wp-json\/wp\/v2\/comments?post=412"}],"version-history":[{"count":0,"href":"https:\/\/www.inertam.com\/it\/wp-json\/wp\/v2\/pages\/412\/revisions"}],"wp:featuredmedia":[{"embeddable":true,"href":"https:\/\/www.inertam.com\/it\/wp-json\/wp\/v2\/media\/1010"}],"wp:attachment":[{"href":"https:\/\/www.inertam.com\/it\/wp-json\/wp\/v2\/media?parent=412"}],"curies":[{"name":"wp","href":"https:\/\/api.w.org\/{rel}","templated":true}]}}