{"id":277,"date":"2017-11-24T11:25:44","date_gmt":"2017-11-24T10:25:44","guid":{"rendered":"https:\/\/www.inertam.com\/mentions-legales\/"},"modified":"2025-04-08T12:25:51","modified_gmt":"2025-04-08T10:25:51","slug":"mentions-legales","status":"publish","type":"page","link":"https:\/\/www.inertam.com\/en\/mentions-legales\/","title":{"rendered":"Mentions l\u00e9gales"},"content":{"rendered":"<p>[vc_row][vc_column width=&#8221;1\/6&#8243;][\/vc_column][vc_column column_width_percent=&#8221;100&#8243; back_color=&#8221;color-xsdn&#8221; overlay_alpha=&#8221;50&#8243; gutter_size=&#8221;3&#8243; medium_width=&#8221;0&#8243; mobile_width=&#8221;0&#8243; shift_x=&#8221;0&#8243; shift_y=&#8221;0&#8243; shift_y_down=&#8221;0&#8243; z_index=&#8221;0&#8243; width=&#8221;4\/6&#8243;][vc_column_text]Le site https:\/\/www.inertam.com est \u00e9dit\u00e9 par INERTAM et d\u00e9clar\u00e9 \u00e0 la Cnil.<\/p>\n<h2>INERTAM<\/h2>\n<p>471, route de Cantegrit Est<br \/>\n40 110 Morcenx-la-Nouvelle<br \/>\nTel : + 33 (0) 5 58 04 17 49<br \/>\nFax : +33 (0)5 58 04 17 50<br \/>\nCourriel : <a href=\"mailto:commercial@inertam.fr\">commercial@inertam.fr<\/a><br \/>\nSoci\u00e9t\u00e9 par Action Simplifi\u00e9e au capital de 2 237 000 \u20ac<br \/>\nN\u00b0 SIRET : 43779129600019<br \/>\nRegistre du commerce : RCS Mont de Marsan 437791296<br \/>\nN\u00b0 NAF : 3822Z \u2013 Traitement et \u00e9limination des D\u00e9chets Dangereux<\/p>\n<p>Directeur de la Publication : Anne BORD\u00c8RES<br \/>\nH\u00e9bergeur : Exalto \u2013 Acropole Business Center \u2013 4, rue Ren\u00e9 Martrenchar 33150 Cenon &#8211; +33 (0)5 56 32 62 63\u00a0 \u2013 <a href=\"http:\/\/www.ex-alto.com\/\" target=\"_blank\" rel=\"noopener\">www.ex-alto.com<\/a><br \/>\nConception &amp; d\u00e9veloppement : Kaizen Agency \u2013 9 rue Andr\u00e9 Darbon, 33300 Bordeaux \u2013 <a href=\"https:\/\/kaizen-agency.fr\" target=\"_blank\" rel=\"noopener\">www.kaizen-agency.fr<\/a><\/p>\n<p>Contact : Nous vous invitons \u00e0 nous contacter par courrier \u00e9lectronique \u00e0 l&#8217;adresse <a href=\"mailto:commercial@inertam.fr\">commercial@inertam.fr<\/a><\/p>\n<p>Cet e-mail est prot\u00e9g\u00e9 contre les robots collecteurs de mails, votre navigateur doit accepter le Javascript pour le voir ou par courrier postal pour toutes vos questions ou demandes d&#8217;information.<\/p>\n<h2>Liens Hypertextes :<\/h2>\n<p>La cr\u00e9ation de lien hypertextes vers le site https:\/\/www.inertam.com est soumise \u00e0 l&#8217;accord pr\u00e9alable du Directeur de la Publication.<\/p>\n<h2>Donn\u00e9es personnelles :<\/h2>\n<p>Toutes les donn\u00e9es recueillies sur le site https:\/\/www.inertam.com proviennent de l&#8217;enregistrement des coordonn\u00e9es des personnes les ayant directement communiqu\u00e9es \u00e0 INERTAM , afin de recevoir la lettre d&#8217;information de INERTAM ou de b\u00e9n\u00e9ficier des services et fonctionnalit\u00e9s propos\u00e9s par le site de INERTAM garantit que les informations enregistr\u00e9es sur le site sont trait\u00e9es de mani\u00e8re strictement confidentielle.<\/p>\n<h2>Finalit\u00e9 :<\/h2>\n<p>Les donn\u00e9es que vous nous communiquez sont n\u00e9cessaires au traitement de vos demandes d&#8217;information ou \u00e0 l&#8217;envoi de notre newsletter. D&#8217;autre part, elles nous permettent de mieux vous conna\u00eetre et de r\u00e9pondre aux besoins que vous nous aurez exprim\u00e9s.<\/p>\n<h2>Droit d&#8217;acc\u00e8s, de modification et de suppression :<\/h2>\n<p>Conform\u00e9ment aux dispositions de la loi Informatique et Libert\u00e9s du 6 janvier 1978 et du R\u00e8glement UE 2016\/679 du Parlement europ\u00e9en et du Conseil du 27 avril 2016 relatif \u00e0 la protection des personnes physiques \u00e0 l&#8217;\u00e9gard du traitement des donn\u00e9es \u00e0 caract\u00e8re personnel et \u00e0 la libre circulation de ces donn\u00e9es (RGPD), vous disposez d&#8217;un droit d&#8217;acc\u00e8s, de rectification, de suppression aux donn\u00e9es vous concernant et vous pouvez \u00e0 tout moment demander votre d\u00e9sinscription.<\/p>\n<p>Pour cela il vous suffit de nous en faire la demande en vous adressant au responsable Europlasma des donn\u00e9es personnelles en ligne \u00e0 l&#8217;adresse url : dpo@europlasma.com.<br \/>\nCet e-mail est prot\u00e9g\u00e9 contre les robots collecteurs de mails, votre navigateur doit accepter le Javascript pour le voir ou par courrier postal en nous indiquant vos nom, pr\u00e9nom, adresse.<br \/>\nEuroplasma vous garantit qu&#8217;elle n&#8217;utilisera vos donn\u00e9es personnelles et les mettra \u00e9ventuellement \u00e0 la disposition de ses partenaires, membres ou tiers que si vous y avez consenti pr\u00e9alablement et express\u00e9ment, en conformit\u00e9 aux finalit\u00e9s pr\u00e9cis\u00e9es.<\/p>\n<h2>Donn\u00e9es collect\u00e9es \u00e0 l&#8217;occasion de la consultation du site :<\/h2>\n<p>Notre site a recours \u00e0 des cookies internet afin de collecter des donn\u00e9es sur la date, les pages consult\u00e9es, le temps de consultation, ainsi que le fournisseur d&#8217;acc\u00e8s, le moteur de recherche, le lien \u00e0 l&#8217;origine de la consultation. Cette collecte permet d&#8217;am\u00e9liorer l&#8217;ergonomie de notre site, de simplifier votre acc\u00e8s \u00e0 notre site. Conform\u00e9ment aux dispositions du RGPD, vos donn\u00e9es vous appartiennent et vous disposez de la facult\u00e9 d&#8217;accepter ou de refuser l&#8217;activation de certains cookies lors de la consultation de notre site.<\/p>\n<h2>Propri\u00e9t\u00e9 intellectuelle :<\/h2>\n<p>INERTAM est seul titulaire des droits d\u2019auteurs sur le contenu de son site www.inertam.com. Toute reproduction ou repr\u00e9sentation totale ou partielle, faite sans le consentement de INERTAM constitue une contrefa\u00e7on p\u00e9nalement sanctionn\u00e9e.<br \/>\nINERTAM est titulaire des droits sur le logo de INERTAM . Toute reproduction totale ou partielle du logo sans le consentement de INERTAM constitue une contrefa\u00e7on p\u00e9nalement sanctionn\u00e9e.<br \/>\nResponsabilit\u00e9 quant aux liens hypertextes :<\/p>\n<p>Les liens hypertextes mis en oeuvre par INERTAM en direction d\u2019autres sites ne sauraient engager la responsabilit\u00e9 de INERTAM , qui garantit n&#8217;exercer aucun contr\u00f4le sur le contenu de ces sites. INERTAM ne pourrait \u00eatre responsable du fait des contenus de ces sites.<br \/>\nINERTAM ne saurait garantir aux internautes l\u2019exactitude et la compl\u00e9tude des informations de toute nature fournies sur le site. En cons\u00e9quence, la responsabilit\u00e9 de INERTAM ne pourra \u00eatre engag\u00e9e du fait de l\u2019utilisation des informations fournies sur ce site.[\/vc_column_text][\/vc_column][vc_column width=&#8221;1\/6&#8243;][\/vc_column][\/vc_row]<\/p>\n","protected":false},"excerpt":{"rendered":"<p>[vc_row][vc_column width=&#8221;1\/6&#8243;][\/vc_column][vc_column column_width_percent=&#8221;100&#8243; back_color=&#8221;color-xsdn&#8221; overlay_alpha=&#8221;50&#8243; gutter_size=&#8221;3&#8243; medium_width=&#8221;0&#8243; mobile_width=&#8221;0&#8243; shift_x=&#8221;0&#8243; shift_y=&#8221;0&#8243; shift_y_down=&#8221;0&#8243; z_index=&#8221;0&#8243; width=&#8221;4\/6&#8243;][vc_column_text]Le site https:\/\/www.inertam.com est \u00e9dit\u00e9 par INERTAM et [&hellip;]<\/p>\n","protected":false},"author":1,"featured_media":1009,"parent":0,"menu_order":0,"comment_status":"closed","ping_status":"closed","template":"","meta":[],"acf":[],"yoast_head":"<!-- This site is optimized with the Yoast SEO plugin v19.6.1 - https:\/\/yoast.com\/wordpress\/plugins\/seo\/ -->\n<title>Mentions l\u00e9gales - Inertam, solution de destruction d\u00e9finitive des d\u00e9chets d\u2019amiante<\/title>\n<meta name=\"robots\" content=\"index, follow, max-snippet:-1, max-image-preview:large, max-video-preview:-1\" \/>\n<link rel=\"canonical\" href=\"https:\/\/www.inertam.com\/en\/mentions-legales\/\" \/>\n<meta property=\"og:locale\" content=\"en_US\" \/>\n<meta property=\"og:type\" content=\"article\" \/>\n<meta property=\"og:title\" content=\"Mentions l\u00e9gales - Inertam, solution de destruction d\u00e9finitive des d\u00e9chets d\u2019amiante\" \/>\n<meta property=\"og:description\" content=\"[vc_row][vc_column width=&#8221;1\/6&#8243;][\/vc_column][vc_column column_width_percent=&#8221;100&#8243; back_color=&#8221;color-xsdn&#8221; overlay_alpha=&#8221;50&#8243; gutter_size=&#8221;3&#8243; medium_width=&#8221;0&#8243; mobile_width=&#8221;0&#8243; shift_x=&#8221;0&#8243; shift_y=&#8221;0&#8243; shift_y_down=&#8221;0&#8243; z_index=&#8221;0&#8243; width=&#8221;4\/6&#8243;][vc_column_text]Le site https:\/\/www.inertam.com est \u00e9dit\u00e9 par INERTAM et [&hellip;]\" \/>\n<meta property=\"og:url\" content=\"https:\/\/www.inertam.com\/en\/mentions-legales\/\" \/>\n<meta property=\"og:site_name\" content=\"Inertam\" \/>\n<meta property=\"article:modified_time\" content=\"2025-04-08T10:25:51+00:00\" \/>\n<meta property=\"og:image\" content=\"https:\/\/www.inertam.com\/wp-content\/uploads\/2017\/11\/inertam_contact_slider_02.jpg\" \/>\n\t<meta property=\"og:image:width\" content=\"1581\" \/>\n\t<meta property=\"og:image:height\" content=\"349\" \/>\n\t<meta property=\"og:image:type\" content=\"image\/jpeg\" \/>\n<meta name=\"twitter:card\" content=\"summary_large_image\" \/>\n<meta name=\"twitter:label1\" content=\"Est. reading time\" \/>\n\t<meta name=\"twitter:data1\" content=\"4 minutes\" \/>\n<script type=\"application\/ld+json\" class=\"yoast-schema-graph\">{\"@context\":\"https:\/\/schema.org\",\"@graph\":[{\"@type\":\"WebPage\",\"@id\":\"https:\/\/www.inertam.com\/en\/mentions-legales\/\",\"url\":\"https:\/\/www.inertam.com\/en\/mentions-legales\/\",\"name\":\"Mentions l\u00e9gales - Inertam, solution de destruction d\u00e9finitive des d\u00e9chets d\u2019amiante\",\"isPartOf\":{\"@id\":\"https:\/\/www.inertam.com\/#website\"},\"datePublished\":\"2017-11-24T10:25:44+00:00\",\"dateModified\":\"2025-04-08T10:25:51+00:00\",\"breadcrumb\":{\"@id\":\"https:\/\/www.inertam.com\/en\/mentions-legales\/#breadcrumb\"},\"inLanguage\":\"en-US\",\"potentialAction\":[{\"@type\":\"ReadAction\",\"target\":[\"https:\/\/www.inertam.com\/en\/mentions-legales\/\"]}]},{\"@type\":\"BreadcrumbList\",\"@id\":\"https:\/\/www.inertam.com\/en\/mentions-legales\/#breadcrumb\",\"itemListElement\":[{\"@type\":\"ListItem\",\"position\":1,\"name\":\"Accueil\",\"item\":\"https:\/\/www.inertam.com\/en\/\"},{\"@type\":\"ListItem\",\"position\":2,\"name\":\"Mentions l\u00e9gales\"}]},{\"@type\":\"WebSite\",\"@id\":\"https:\/\/www.inertam.com\/#website\",\"url\":\"https:\/\/www.inertam.com\/\",\"name\":\"Inertam\",\"description\":\"La solution de destruction d\u00e9finitive des d\u00e9chets d\u2019amiante\",\"potentialAction\":[{\"@type\":\"SearchAction\",\"target\":{\"@type\":\"EntryPoint\",\"urlTemplate\":\"https:\/\/www.inertam.com\/?s={search_term_string}\"},\"query-input\":\"required name=search_term_string\"}],\"inLanguage\":\"en-US\"}]}<\/script>\n<!-- \/ Yoast SEO plugin. -->","yoast_head_json":{"title":"Mentions l\u00e9gales - Inertam, solution de destruction d\u00e9finitive des d\u00e9chets d\u2019amiante","robots":{"index":"index","follow":"follow","max-snippet":"max-snippet:-1","max-image-preview":"max-image-preview:large","max-video-preview":"max-video-preview:-1"},"canonical":"https:\/\/www.inertam.com\/en\/mentions-legales\/","og_locale":"en_US","og_type":"article","og_title":"Mentions l\u00e9gales - Inertam, solution de destruction d\u00e9finitive des d\u00e9chets d\u2019amiante","og_description":"[vc_row][vc_column width=&#8221;1\/6&#8243;][\/vc_column][vc_column column_width_percent=&#8221;100&#8243; back_color=&#8221;color-xsdn&#8221; overlay_alpha=&#8221;50&#8243; gutter_size=&#8221;3&#8243; medium_width=&#8221;0&#8243; mobile_width=&#8221;0&#8243; shift_x=&#8221;0&#8243; shift_y=&#8221;0&#8243; shift_y_down=&#8221;0&#8243; z_index=&#8221;0&#8243; width=&#8221;4\/6&#8243;][vc_column_text]Le site https:\/\/www.inertam.com est \u00e9dit\u00e9 par INERTAM et [&hellip;]","og_url":"https:\/\/www.inertam.com\/en\/mentions-legales\/","og_site_name":"Inertam","article_modified_time":"2025-04-08T10:25:51+00:00","og_image":[{"width":1581,"height":349,"url":"https:\/\/www.inertam.com\/wp-content\/uploads\/2017\/11\/inertam_contact_slider_02.jpg","type":"image\/jpeg"}],"twitter_card":"summary_large_image","twitter_misc":{"Est. reading time":"4 minutes"},"schema":{"@context":"https:\/\/schema.org","@graph":[{"@type":"WebPage","@id":"https:\/\/www.inertam.com\/en\/mentions-legales\/","url":"https:\/\/www.inertam.com\/en\/mentions-legales\/","name":"Mentions l\u00e9gales - Inertam, solution de destruction d\u00e9finitive des d\u00e9chets d\u2019amiante","isPartOf":{"@id":"https:\/\/www.inertam.com\/#website"},"datePublished":"2017-11-24T10:25:44+00:00","dateModified":"2025-04-08T10:25:51+00:00","breadcrumb":{"@id":"https:\/\/www.inertam.com\/en\/mentions-legales\/#breadcrumb"},"inLanguage":"en-US","potentialAction":[{"@type":"ReadAction","target":["https:\/\/www.inertam.com\/en\/mentions-legales\/"]}]},{"@type":"BreadcrumbList","@id":"https:\/\/www.inertam.com\/en\/mentions-legales\/#breadcrumb","itemListElement":[{"@type":"ListItem","position":1,"name":"Accueil","item":"https:\/\/www.inertam.com\/en\/"},{"@type":"ListItem","position":2,"name":"Mentions l\u00e9gales"}]},{"@type":"WebSite","@id":"https:\/\/www.inertam.com\/#website","url":"https:\/\/www.inertam.com\/","name":"Inertam","description":"La solution de destruction d\u00e9finitive des d\u00e9chets d\u2019amiante","potentialAction":[{"@type":"SearchAction","target":{"@type":"EntryPoint","urlTemplate":"https:\/\/www.inertam.com\/?s={search_term_string}"},"query-input":"required name=search_term_string"}],"inLanguage":"en-US"}]}},"_links":{"self":[{"href":"https:\/\/www.inertam.com\/en\/wp-json\/wp\/v2\/pages\/277"}],"collection":[{"href":"https:\/\/www.inertam.com\/en\/wp-json\/wp\/v2\/pages"}],"about":[{"href":"https:\/\/www.inertam.com\/en\/wp-json\/wp\/v2\/types\/page"}],"author":[{"embeddable":true,"href":"https:\/\/www.inertam.com\/en\/wp-json\/wp\/v2\/users\/1"}],"replies":[{"embeddable":true,"href":"https:\/\/www.inertam.com\/en\/wp-json\/wp\/v2\/comments?post=277"}],"version-history":[{"count":1,"href":"https:\/\/www.inertam.com\/en\/wp-json\/wp\/v2\/pages\/277\/revisions"}],"predecessor-version":[{"id":1468,"href":"https:\/\/www.inertam.com\/en\/wp-json\/wp\/v2\/pages\/277\/revisions\/1468"}],"wp:featuredmedia":[{"embeddable":true,"href":"https:\/\/www.inertam.com\/en\/wp-json\/wp\/v2\/media\/1009"}],"wp:attachment":[{"href":"https:\/\/www.inertam.com\/en\/wp-json\/wp\/v2\/media?parent=277"}],"curies":[{"name":"wp","href":"https:\/\/api.w.org\/{rel}","templated":true}]}}